{"id":8,"date":"2022-09-19T15:25:55","date_gmt":"2022-09-19T15:25:55","guid":{"rendered":"http:\/\/www.karasubilgisayar.com.tr\/?page_id=8"},"modified":"2024-01-07T18:10:13","modified_gmt":"2024-01-07T18:10:13","slug":"karasu-master-bilgisayar","status":"publish","type":"page","link":"http:\/\/www.karasubilgisayar.com.tr\/index.php\/karasu-master-bilgisayar\/","title":{"rendered":"KARASU MASTER B\u0130LG\u0130SAYAR"},"content":{"rendered":"\n<p><strong>KARASU MASTER B\u0130LG\u0130SAYAR, HER MARKA SIFIR B\u0130LG\u0130SAYAR VE CEP TELEFONU SATI\u015eI, TAM\u0130R MERKEZ\u0130&nbsp;\u0130NTERNET H\u0130ZMETLER\u0130&nbsp;<\/strong><\/p>\n\n\n\n<p>2009 dan G\u00fcn\u00fcm\u00fcze Teknik servisimizde her marka \u2013 model&nbsp;<strong>bilgisayar<\/strong>&nbsp;ve&nbsp;<strong>telefon sat\u0131\u015f\u0131 tamiri<\/strong>,&nbsp;<strong>notebook tamiri<\/strong>&nbsp;ve&nbsp;<strong>tablet tamiri<\/strong>&nbsp;i\u00e7in garantili; tamir, bak\u0131m, servis ve upgrade hizmetleri verilmektedir.<\/p>\n\n\n\n<p>&nbsp;Cep Telefonlar\u0131, Notebooklar ve Tabletler d\u0131\u015f\u0131ndaki di\u011fer Masa\u00fcst\u00fc bilgisayar ve par\u00e7alar\u0131n\u0131n tamiri, printer tamiri, monit\u00f6r tamiri, pc anakart tamiri, hdd data kurtarma gibi hizmetler \u015fu an i\u00e7in \u00e7al\u0131\u015fma alan\u0131m\u0131z d\u0131\u015f\u0131ndad\u0131r.<\/p>\n\n\n\n<p><strong>Telefon:<\/strong>\u00a0<strong>0264 718 57 37 \u2013\u00a0<\/strong>\u00a0<strong>0505 317 45 02\u00a0<\/strong>\u2013\u00a00553 41 553 54\u00a0<br>Fax:\u00a0<strong>0264 718 57 37<\/strong><br>\u00a0(Hafta i\u00e7i ve Cumartesi g\u00fcn\u00fc \u00a009:30 \u2013 17:30 aras\u0131)<br><strong>Adres:<\/strong>\u00a0\u0130ncilli Mahallesi 617. Sokak No 12 \u2013 B\u00a0<strong>Karasu \u2013 Sakarya<\/strong><\/p>\n\n\n\n<p>G\u00f6nderece\u011finiz cihaz i\u00e7in l\u00fctfen a\u015fa\u011f\u0131daki&nbsp;&nbsp;<strong>teknik servis<\/strong>&nbsp;formunu doldurarak ar\u0131za kayd\u0131n\u0131 a\u00e7\u0131n.<\/p>\n\n\n\n<p>Size en k\u0131sa zamanda E-Mail yoluylan&nbsp;OLUMLU yada OLUMSUZ olarak d\u00f6n\u00fc\u015f yap\u0131lacakt\u0131r.<\/p>\n\n\n\n<p>Olumlu d\u00f6n\u00fc\u015flerde size kargo firmas\u0131 ve firmam\u0131z\u0131n adres bilgileri g\u00f6nderilecektir.<\/p>\n\n\n\n<p>G\u00f6nderece\u011finiz cihaz\u0131n kargo \u00fccretini \u00f6deyerek g\u00f6nderiniz, aksi takdirde cihaz firmam\u0131z taraf\u0131ndan kabul edilmeyecektir.&nbsp;<\/p>\n\n\n\n<p><strong>150 TL<\/strong>&nbsp;<strong>\u2018 ye kadar olan cihaz masraflar\u0131 onay al\u0131nmaks\u0131z\u0131n yap\u0131lacakt\u0131r.&nbsp;<\/strong>&nbsp;150 TL \u00fczeri masraflarda m\u00fc\u015fteri onay\u0131 al\u0131narak onar\u0131m yap\u0131lmaktad\u0131r.<\/p>\n\n\n\n<p>Bak\u0131m raporunda belirtilen ve uygulanan \u00f6nleyici\/koruyucu tedbirlerin yetersizli\u011fi veya tespit edilip par\u00e7a de\u011fi\u015fimi yap\u0131lmadan giderilen ar\u0131zalar\u0131n n\u00fcksetmesi sebebiyle olu\u015fabilecek, kullan\u0131c\u0131 hatalar\u0131 ve harici etkenler d\u0131\u015f\u0131ndaki t\u00fcm problemlere kar\u015f\u0131 cihaz 3 AY GARANT\u0130L\u0130D\u0130R. 3 Ay i\u00e7inde ayn\u0131 ar\u0131zan\u0131n n\u00fcksetmesi&nbsp;durumunda, cihaza yap\u0131lan i\u015flemler sonucunda cihaz olumsuz sonu\u00e7 verir ise, m\u00fc\u015fteriden al\u0131nan \u00fccret, belirtece\u011fi banka bilgilerine 5 i\u015f g\u00fcn\u00fc i\u00e7inde geri iade edilecektir.<\/p>\n\n\n\n<p><strong>MASTER B\u0130LG\u0130SAYAR<\/strong><\/p>\n","protected":false},"excerpt":{"rendered":"<p>KARASU MASTER B\u0130LG\u0130SAYAR, HER MARKA SIFIR B\u0130LG\u0130SAYAR VE CEP TELEFONU SATI\u015eI, TAM\u0130R MERKEZ\u0130&nbsp;\u0130NTERNET H\u0130ZMETLER\u0130&nbsp; 2009 dan G\u00fcn\u00fcm\u00fcze Teknik servisimizde her marka \u2013 model&nbsp;bilgisayar&nbsp;ve&nbsp;telefon sat\u0131\u015f\u0131 tamiri,&nbsp;notebook tamiri&nbsp;ve&nbsp;tablet tamiri&nbsp;i\u00e7in garantili; tamir, bak\u0131m, servis ve upgrade hizmetleri verilmektedir. &nbsp;Cep Telefonlar\u0131, Notebooklar ve Tabletler d\u0131\u015f\u0131ndaki di\u011fer Masa\u00fcst\u00fc bilgisayar ve par\u00e7alar\u0131n\u0131n tamiri, printer tamiri, monit\u00f6r tamiri, pc anakart tamiri, hdd [&hellip;]<\/p>\n","protected":false},"author":1,"featured_media":0,"parent":0,"menu_order":0,"comment_status":"closed","ping_status":"closed","template":"","meta":[],"_links":{"self":[{"href":"http:\/\/www.karasubilgisayar.com.tr\/index.php\/wp-json\/wp\/v2\/pages\/8"}],"collection":[{"href":"http:\/\/www.karasubilgisayar.com.tr\/index.php\/wp-json\/wp\/v2\/pages"}],"about":[{"href":"http:\/\/www.karasubilgisayar.com.tr\/index.php\/wp-json\/wp\/v2\/types\/page"}],"author":[{"embeddable":true,"href":"http:\/\/www.karasubilgisayar.com.tr\/index.php\/wp-json\/wp\/v2\/users\/1"}],"replies":[{"embeddable":true,"href":"http:\/\/www.karasubilgisayar.com.tr\/index.php\/wp-json\/wp\/v2\/comments?post=8"}],"version-history":[{"count":4,"href":"http:\/\/www.karasubilgisayar.com.tr\/index.php\/wp-json\/wp\/v2\/pages\/8\/revisions"}],"predecessor-version":[{"id":165,"href":"http:\/\/www.karasubilgisayar.com.tr\/index.php\/wp-json\/wp\/v2\/pages\/8\/revisions\/165"}],"wp:attachment":[{"href":"http:\/\/www.karasubilgisayar.com.tr\/index.php\/wp-json\/wp\/v2\/media?parent=8"}],"curies":[{"name":"wp","href":"https:\/\/api.w.org\/{rel}","templated":true}]}}