{"id":35,"date":"2022-09-29T14:37:33","date_gmt":"2022-09-29T14:37:33","guid":{"rendered":"http:\/\/www.karasubilgisayar.com.tr\/?page_id=35"},"modified":"2025-09-17T18:40:26","modified_gmt":"2025-09-17T18:40:26","slug":"iletisim","status":"publish","type":"page","link":"http:\/\/www.karasubilgisayar.com.tr\/index.php\/iletisim\/","title":{"rendered":"MASTER B\u0130LG\u0130SAYAR \u0130LET\u0130\u015e\u0130M"},"content":{"rendered":"\n<p><strong>Bilgisayar Tamiri Master Bilgisayara Ho\u015f geldiniz.<\/strong><a href=\"http:\/\/www.karasutelefon.com.tr\/\"><\/a><\/p>\n\n\n\n<p><strong>KARASU CEP TELEFONU TAM\u0130R\u0130 &#8211; CEP TELEFONU SATI\u015eI, HER MARKA SIFIR B\u0130LG\u0130SAYAR SATI\u015eI &#8211; <\/strong><strong>TAM\u0130R MERKEZ\u0130<\/strong> ve <strong>WEB TASARIMI \u2013 \u0130NTERNET DANI\u015eMANLIK H\u0130ZMETLER\u0130&nbsp;<\/strong><\/p>\n\n\n\n<p>Karasu Bilgisayar Tamiri Karasu Cep Telefonu Tamiri Teknik servisimizde her marka ve model&nbsp;<strong>telefon sat\u0131\u015f\u0131 \u2013 tamiri<\/strong>,&nbsp;Karasu&nbsp;<strong>notebook tamiri<\/strong>&nbsp;ve&nbsp;Karasu&nbsp;<strong>tablet tamiri<\/strong>&nbsp;i\u00e7in garantili; tamir, bak\u0131m, servis ve upgrade hizmetleri verilmektedir. <\/p>\n\n\n\n<ul><li><strong>Telefon:<\/strong>\u00a0<strong>0264 718 57 37 \u2013\u00a0<\/strong>\u00a0<strong>0505 317 45 02\u00a0<\/strong>\u2013\u00a0<strong>0553 41 553 54<\/strong><\/li><li>\u00a0(Hafta i\u00e7i ve Cumartesi g\u00fcn\u00fc \u00a009:30 \u2013 17:30 aras\u0131)<\/li><li>\u0130ncilli Mahallesi 617.Sokak No 12\/B\u00a0<strong>Karasu \u2013 Sakarya<\/strong><\/li><li><strong>GOOGLE REKLAMLARI \u2013 WEB TASARIMI \u2013 \u0130NTERNET DANI\u015eMANLIK H\u0130ZMETLER\u0130\u00a0<\/strong><ul><li><strong>E-mail:<\/strong>\u00a0<a href=\"mailto:destek@masterbilgisayar.net\">destek@<strong>masterbilgisayar<\/strong>.com<\/a>\u00a0\u2013\u00a0<a href=\"mailto:karasutelevizyonu@gmail.com\"><strong>karasutelevizyonu<\/strong>@gmail.com<\/a><\/li><li><strong>Web Sayfalar\u0131m\u0131z: <a href=\"http:\/\/www.masterbilgisayar.com.tr\/\">masterbilgisayar.com.tr<\/a> &#8211;<\/strong> <strong><a href=\"https:\/\/www.masteryayincilik.com.tr\/\">masteryayincilik.com.tr <\/a><\/strong> &#8211; <a href=\"http:\/\/www.masterbilgisayar.com\/\"><strong>masterbilgisayar<\/strong>.com<\/a> \u2013 <a href=\"http:\/\/masterbilgisayar.net\"><strong>masterbilgisayar<\/strong>.net<\/a> \u2013 <a href=\"http:\/\/www.karasubilgisayar.com.tr\/\"><strong>karasubilgisayar<\/strong>.com.tr<\/a>\u00a0\u2013\u00a0 <a href=\"http:\/\/www.karasutelefon.com.tr\/\"><strong>karasutelefon<\/strong>.com.tr<\/a>\u00a0<\/li><\/ul><ul><li>Master Bilgisayar, Kamera, Telefon Sat\u0131\u015f \u2013 Teknik Destek,<\/li><li><strong>Telefonu:<\/strong>\u00a0<strong>+90 505 317 45\u00a002<\/strong>\u00a0\u2013\u00a0<strong>+90 264 718 57 37<\/strong>.<br>Master Yay\u0131nc\u0131l\u0131k, Bili\u015fim, Google Reklam Dan\u0131\u015fmanl\u0131k Hizmetleri <\/li><li>\u00a0<strong>Telefonu:\u00a00553 41 553 54<\/strong><\/li><\/ul><\/li><\/ul>\n\n\n\n<p><a href=\"https:\/\/www.google.com\/maps\/place\/Master+Bilgisayar\/@41.0946863,30.6908631,17z\/data=!3m1!4b1!4m5!3m4!1s0x409ddb2ccd69a589:0xff5fc769086dd342!8m2!3d41.0946863!4d30.6930518?hl=tr\">https:\/\/www.google.com<\/a>&nbsp;&lt;&lt;&lt;&nbsp;<strong>Adres Krokimiz i\u00e7in Linki T\u0131klay\u0131n\u0131z.<\/strong><\/p>\n","protected":false},"excerpt":{"rendered":"<p>Bilgisayar Tamiri Master Bilgisayara Ho\u015f geldiniz. KARASU CEP TELEFONU TAM\u0130R\u0130 &#8211; CEP TELEFONU SATI\u015eI, HER MARKA SIFIR B\u0130LG\u0130SAYAR SATI\u015eI &#8211; TAM\u0130R MERKEZ\u0130 ve WEB TASARIMI \u2013 \u0130NTERNET DANI\u015eMANLIK H\u0130ZMETLER\u0130&nbsp; Karasu Bilgisayar Tamiri Karasu Cep Telefonu Tamiri Teknik servisimizde her marka ve model&nbsp;telefon sat\u0131\u015f\u0131 \u2013 tamiri,&nbsp;Karasu&nbsp;notebook tamiri&nbsp;ve&nbsp;Karasu&nbsp;tablet tamiri&nbsp;i\u00e7in garantili; tamir, bak\u0131m, servis ve upgrade hizmetleri verilmektedir. [&hellip;]<\/p>\n","protected":false},"author":1,"featured_media":0,"parent":0,"menu_order":0,"comment_status":"closed","ping_status":"closed","template":"","meta":[],"_links":{"self":[{"href":"http:\/\/www.karasubilgisayar.com.tr\/index.php\/wp-json\/wp\/v2\/pages\/35"}],"collection":[{"href":"http:\/\/www.karasubilgisayar.com.tr\/index.php\/wp-json\/wp\/v2\/pages"}],"about":[{"href":"http:\/\/www.karasubilgisayar.com.tr\/index.php\/wp-json\/wp\/v2\/types\/page"}],"author":[{"embeddable":true,"href":"http:\/\/www.karasubilgisayar.com.tr\/index.php\/wp-json\/wp\/v2\/users\/1"}],"replies":[{"embeddable":true,"href":"http:\/\/www.karasubilgisayar.com.tr\/index.php\/wp-json\/wp\/v2\/comments?post=35"}],"version-history":[{"count":16,"href":"http:\/\/www.karasubilgisayar.com.tr\/index.php\/wp-json\/wp\/v2\/pages\/35\/revisions"}],"predecessor-version":[{"id":225,"href":"http:\/\/www.karasubilgisayar.com.tr\/index.php\/wp-json\/wp\/v2\/pages\/35\/revisions\/225"}],"wp:attachment":[{"href":"http:\/\/www.karasubilgisayar.com.tr\/index.php\/wp-json\/wp\/v2\/media?parent=35"}],"curies":[{"name":"wp","href":"https:\/\/api.w.org\/{rel}","templated":true}]}}