{"id":34,"date":"2022-09-29T14:37:32","date_gmt":"2022-09-29T14:37:32","guid":{"rendered":"http:\/\/www.karasubilgisayar.com.tr\/?page_id=34"},"modified":"2025-09-17T18:39:51","modified_gmt":"2025-09-17T18:39:51","slug":"kamera-sistemleri","status":"publish","type":"page","link":"http:\/\/www.karasubilgisayar.com.tr\/index.php\/kamera-sistemleri\/","title":{"rendered":"KARASU KAMERA S\u0130STEMLER\u0130"},"content":{"rendered":"\n<figure class=\"wp-block-image\"><img src=\"http:\/\/www.karasubilgisayar.net\/wp-content\/uploads\/2022\/04\/kamera.jpg\" alt=\"\" class=\"wp-image-152\"\/><\/figure>\n\n\n\n<p><strong>HER MARKA SIFIR KAMERA S\u0130STEMLER\u0130&nbsp;<br><\/strong>Karasu kamera sistemleri&nbsp;<br>Karasu G\u00fcvenlik Kamera Sistemleri&nbsp;<br>Karasu Alarm Sistemleri&nbsp;<br>Karasu \u00e7ok Y\u00f6nl\u00fc G\u00fcvenlik Kamera Sistemleri&nbsp;<br>Karasu Analog Kameralar&nbsp;<br>Karasu IP Kameralar&nbsp;<br>Karasu DVR Kay\u0131t Cihazlar\u0131&nbsp;<br>Karasu NVR Kay\u0131t Cihazlar\u0131&nbsp;<br>Karasu Alarm Panelleri&nbsp;<br>Karasu Seslendirme&nbsp;<br>Karasu Telefon Santralleri&nbsp;<br>Karasu Led Tabela Panelleri<\/p>\n\n\n\n<p><strong>Master Bilgisayar Bili\u015fim,&nbsp;Telefon Sat\u0131\u015f\u0131 \u2013 Teknik Destek, Kamera Sistemleri ve&nbsp;Yay\u0131nc\u0131l\u0131k Hizmetleri<\/strong><\/p>\n\n\n\n<p>\u0130ncilli Mahallesi&nbsp;617. Sokak 12\/B&nbsp;<strong>Karasu<\/strong>&nbsp;\/ Sakarya &nbsp;0264 718 57 37<br>Bilgisayar, Kamera, Telefon Sat\u0131\u015f \u2013 Teknik Destek, *<strong>Fatih Eren 0505 317 45&nbsp;02<\/strong><br>Yay\u0131nc\u0131l\u0131k, Bili\u015fim Dan\u0131\u015fmanl\u0131k Hizmetleri Destek,&nbsp;<strong>*Erdal \u00d6zer <\/strong>0553 41 553 54<\/p>\n\n\n\n<p><a href=\"https:\/\/www.masterbilgisayar.com\/\"><strong>https:\/\/www.masterbilgisayar.com<\/strong><\/a><strong>\u00a0\u2013\u00a0<\/strong><a href=\"mailto:destek@masterbilgisayar.com\"><strong>destek@masterbilgisayar.com<\/strong><\/a><strong>\u00a0\u2013 <\/strong>&#8211; <a href=\"http:\/\/www.karasutelefon.com.tr\" data-type=\"URL\" data-id=\"www.karasutelefon.com.tr\">www.<strong>karasutelefon<\/strong>.com.tr<\/a> \u2013\u00a0<a href=\"mailto:masterbilisimhizmetleri@gmail.com\">masterbilisimhizmetleri@gmail.com<\/a>\u00a0\u2013\u00a0<a href=\"mailto:karasutelevizyonu@gmail.com\">karasutelevizyonu@gmail.com<\/a><\/p>\n","protected":false},"excerpt":{"rendered":"<p>HER MARKA SIFIR KAMERA S\u0130STEMLER\u0130&nbsp;Karasu kamera sistemleri&nbsp;Karasu G\u00fcvenlik Kamera Sistemleri&nbsp;Karasu Alarm Sistemleri&nbsp;Karasu \u00e7ok Y\u00f6nl\u00fc G\u00fcvenlik Kamera Sistemleri&nbsp;Karasu Analog Kameralar&nbsp;Karasu IP Kameralar&nbsp;Karasu DVR Kay\u0131t Cihazlar\u0131&nbsp;Karasu NVR Kay\u0131t Cihazlar\u0131&nbsp;Karasu Alarm Panelleri&nbsp;Karasu Seslendirme&nbsp;Karasu Telefon Santralleri&nbsp;Karasu Led Tabela Panelleri Master Bilgisayar Bili\u015fim,&nbsp;Telefon Sat\u0131\u015f\u0131 \u2013 Teknik Destek, Kamera Sistemleri ve&nbsp;Yay\u0131nc\u0131l\u0131k Hizmetleri \u0130ncilli Mahallesi&nbsp;617. Sokak 12\/B&nbsp;Karasu&nbsp;\/ Sakarya &nbsp;0264 718 57 37Bilgisayar, [&hellip;]<\/p>\n","protected":false},"author":1,"featured_media":0,"parent":0,"menu_order":0,"comment_status":"closed","ping_status":"closed","template":"","meta":[],"_links":{"self":[{"href":"http:\/\/www.karasubilgisayar.com.tr\/index.php\/wp-json\/wp\/v2\/pages\/34"}],"collection":[{"href":"http:\/\/www.karasubilgisayar.com.tr\/index.php\/wp-json\/wp\/v2\/pages"}],"about":[{"href":"http:\/\/www.karasubilgisayar.com.tr\/index.php\/wp-json\/wp\/v2\/types\/page"}],"author":[{"embeddable":true,"href":"http:\/\/www.karasubilgisayar.com.tr\/index.php\/wp-json\/wp\/v2\/users\/1"}],"replies":[{"embeddable":true,"href":"http:\/\/www.karasubilgisayar.com.tr\/index.php\/wp-json\/wp\/v2\/comments?post=34"}],"version-history":[{"count":7,"href":"http:\/\/www.karasubilgisayar.com.tr\/index.php\/wp-json\/wp\/v2\/pages\/34\/revisions"}],"predecessor-version":[{"id":224,"href":"http:\/\/www.karasubilgisayar.com.tr\/index.php\/wp-json\/wp\/v2\/pages\/34\/revisions\/224"}],"wp:attachment":[{"href":"http:\/\/www.karasubilgisayar.com.tr\/index.php\/wp-json\/wp\/v2\/media?parent=34"}],"curies":[{"name":"wp","href":"https:\/\/api.w.org\/{rel}","templated":true}]}}