{"id":2,"date":"2022-09-19T18:19:18","date_gmt":"2022-09-19T18:19:18","guid":{"rendered":"http:\/\/www.karasubilgisayar.com.tr\/?page_id=2"},"modified":"2024-01-07T18:11:00","modified_gmt":"2024-01-07T18:11:00","slug":"karasu-cep-telefonu-tamiri","status":"publish","type":"page","link":"http:\/\/www.karasubilgisayar.com.tr\/index.php\/karasu-cep-telefonu-tamiri\/","title":{"rendered":"KARASU CEP TELEFONU TAM\u0130R\u0130"},"content":{"rendered":"\n<p><strong>KARASU CEP TELEFONU TAM\u0130R\u0130 SERV\u0130S\u0130M\u0130ZDE SIFIR APPLEIPHONE<\/strong>,&nbsp;<strong>NOKIA, ERICSSON, PANASONIC, SIEMENS, SAMSUNG, ASELSAN CEP&nbsp;TELEFONU SATI\u015eI VE ORJINAL AKSESUARLARI SATI\u015eI,<br><\/strong>Karasu Turkcell telefon kampanyas\u0131,&nbsp;<br>Karasu Turkcell hat kampanyalar\u0131,&nbsp;<br>Karasu Turkcell TL y\u00fckleme,&nbsp;<br>Karasu Turkcell fatura \u00f6deme noktas\u0131,&nbsp;<br>Karasu Turkcell platinum,&nbsp;<br>Karasu Turkcell Extra ve Abone Merkezi,&nbsp;<br>Karasu Vodafone telefon kampanyas\u0131,&nbsp;<br>Karasu Vodafone hat kampanyalar\u0131,&nbsp;<br>Karasu Vodafone TL y\u00fckleme,&nbsp;<br>Karasu Vodafone fatura \u00f6deme noktas\u0131,&nbsp;<br>Karasu Vodafone platinum,&nbsp;<br>Karasu Vodafone Extra ve Abone Merkezi,&nbsp;<br>Karasu Avea telefon kampanyas\u0131,&nbsp;<br>Karasu Avea hat kampanyalar\u0131,&nbsp;<br>Karasu Avea TL y\u00fckleme,&nbsp;<br>Karasu Avea fatura \u00f6deme noktas\u0131,&nbsp;<br>Karasu Avea platinum,&nbsp;<br>Karasu Avea Extra ve Abone Merkezi,&nbsp;<br>Karasu Saski \u00d6deme Merkezi,<\/p>\n\n\n\n<p><strong>Telefon:<\/strong>\u00a0<strong>0264 718 57 37 \u2013\u00a0<\/strong>\u00a0<strong>0505 317 45 02\u00a0<\/strong>\u2013\u00a00553 41 553 54<br>Fax:\u00a0<strong>0264 718 57 37<\/strong><br>\u00a0(Hafta i\u00e7i ve Cumartesi g\u00fcn\u00fc \u00a009:30 \u2013 17:30 aras\u0131)<br><strong>Adres:<\/strong>\u00a0\u0130ncilli Mahallesi 617. Sokak No 12 \u2013 B\u00a0<strong>Karasu \u2013 Sakarya<\/strong><\/p>\n","protected":false},"excerpt":{"rendered":"<p>KARASU CEP TELEFONU TAM\u0130R\u0130 SERV\u0130S\u0130M\u0130ZDE SIFIR APPLEIPHONE,&nbsp;NOKIA, ERICSSON, PANASONIC, SIEMENS, SAMSUNG, ASELSAN CEP&nbsp;TELEFONU SATI\u015eI VE ORJINAL AKSESUARLARI SATI\u015eI,Karasu Turkcell telefon kampanyas\u0131,&nbsp;Karasu Turkcell hat kampanyalar\u0131,&nbsp;Karasu Turkcell TL y\u00fckleme,&nbsp;Karasu Turkcell fatura \u00f6deme noktas\u0131,&nbsp;Karasu Turkcell platinum,&nbsp;Karasu Turkcell Extra ve Abone Merkezi,&nbsp;Karasu Vodafone telefon kampanyas\u0131,&nbsp;Karasu Vodafone hat kampanyalar\u0131,&nbsp;Karasu Vodafone TL y\u00fckleme,&nbsp;Karasu Vodafone fatura \u00f6deme noktas\u0131,&nbsp;Karasu Vodafone platinum,&nbsp;Karasu Vodafone Extra [&hellip;]<\/p>\n","protected":false},"author":1,"featured_media":0,"parent":0,"menu_order":0,"comment_status":"closed","ping_status":"open","template":"","meta":[],"_links":{"self":[{"href":"http:\/\/www.karasubilgisayar.com.tr\/index.php\/wp-json\/wp\/v2\/pages\/2"}],"collection":[{"href":"http:\/\/www.karasubilgisayar.com.tr\/index.php\/wp-json\/wp\/v2\/pages"}],"about":[{"href":"http:\/\/www.karasubilgisayar.com.tr\/index.php\/wp-json\/wp\/v2\/types\/page"}],"author":[{"embeddable":true,"href":"http:\/\/www.karasubilgisayar.com.tr\/index.php\/wp-json\/wp\/v2\/users\/1"}],"replies":[{"embeddable":true,"href":"http:\/\/www.karasubilgisayar.com.tr\/index.php\/wp-json\/wp\/v2\/comments?post=2"}],"version-history":[{"count":3,"href":"http:\/\/www.karasubilgisayar.com.tr\/index.php\/wp-json\/wp\/v2\/pages\/2\/revisions"}],"predecessor-version":[{"id":167,"href":"http:\/\/www.karasubilgisayar.com.tr\/index.php\/wp-json\/wp\/v2\/pages\/2\/revisions\/167"}],"wp:attachment":[{"href":"http:\/\/www.karasubilgisayar.com.tr\/index.php\/wp-json\/wp\/v2\/media?parent=2"}],"curies":[{"name":"wp","href":"https:\/\/api.w.org\/{rel}","templated":true}]}}