{"id":139,"date":"2023-10-28T19:52:37","date_gmt":"2023-10-28T19:52:37","guid":{"rendered":"http:\/\/www.karasubilgisayar.com.tr\/?page_id=139"},"modified":"2025-09-17T18:38:04","modified_gmt":"2025-09-17T18:38:04","slug":"hizmetlerimiz","status":"publish","type":"page","link":"http:\/\/www.karasubilgisayar.com.tr\/index.php\/hizmetlerimiz\/","title":{"rendered":"Hizmetlerimiz"},"content":{"rendered":"\n<p><strong>KARASU MASTER B\u0130LG\u0130SAYAR, KAMERA MONTAJI \u2013 \u0130NTERNET H\u0130ZMETLER\u0130&nbsp;HER MARKA SIFIR B\u0130LG\u0130SAYAR VE CEP TELEFONU SATI\u015eI ve TAM\u0130R MERKEZ\u0130&nbsp;\u2013<\/strong>&nbsp;<strong>GOOGLE ADS REKLAMLARI \u2013 WEB TASARIMI \u2013 \u0130NTERNET SEO DANI\u015eMANLIK H\u0130ZMETLER\u0130&nbsp;<\/strong><\/p>\n\n\n\n<p>Karasu Bilgisayar Tamiri Karasu Cep Telefonu Tamiri Teknik servisimizde her marka ve model&nbsp;<strong>telefon sat\u0131\u015f\u0131 \u2013 tamiri<\/strong>,&nbsp;Karasu&nbsp;<strong>notebook tamiri<\/strong>&nbsp;ve&nbsp;Karasu&nbsp;<strong>tablet tamiri<\/strong>&nbsp;i\u00e7in garantili; tamir, bak\u0131m, servis ve upgrade hizmeti \u2013 Karasu&nbsp;G\u00fcvenlik Kameras\u0131 ve Karasu&nbsp;G\u00fcvenlik Kamera Montaj\u0131 garantili Yap\u0131lmaktad\u0131r.<\/p>\n\n\n\n<ol><li><strong>E-mail:<\/strong>\u00a0<a href=\"mailto:destek@masterbilgisayar.net\">destek@<strong>masterbilgisayar<\/strong>.com<\/a>\u00a0\u2013\u00a0<a href=\"mailto:karasutelevizyonu@gmail.com\"><strong>karasutelevizyonu<\/strong>@gmail.com<\/a>\u00a0\u2013\u00a0\u00a0<a href=\"http:\/\/www.karasubilgisayar.com.tr\/\"><strong>karasubilgisayar<\/strong>.com.tr<\/a>\u00a0\u00a0\u2013 \u00a0<a href=\"http:\/\/www.karasutelefon.com.tr\/\"><strong>karasutelefon<\/strong>.com.tr<\/a>\u00a0\u2013\u00a0\u00a0<a href=\"http:\/\/www.masterbilgisayar.com\/\"><strong>masterbilgisayar<\/strong>.com<\/a>\u00a0\u2013\u00a0<\/li><\/ol>\n\n\n\n<p>Bilgisayar, Kamera, Telefon Sat\u0131\u015f ve Teknik Destek,&nbsp;<strong>Telefonu:<\/strong>&nbsp;<strong>+90 505 317 45&nbsp;02<\/strong>&nbsp;\u2013&nbsp;<strong>+90 264 718 57 37<\/strong><\/p>\n","protected":false},"excerpt":{"rendered":"<p>KARASU MASTER B\u0130LG\u0130SAYAR, KAMERA MONTAJI \u2013 \u0130NTERNET H\u0130ZMETLER\u0130&nbsp;HER MARKA SIFIR B\u0130LG\u0130SAYAR VE CEP TELEFONU SATI\u015eI ve TAM\u0130R MERKEZ\u0130&nbsp;\u2013&nbsp;GOOGLE ADS REKLAMLARI \u2013 WEB TASARIMI \u2013 \u0130NTERNET SEO DANI\u015eMANLIK H\u0130ZMETLER\u0130&nbsp; Karasu Bilgisayar Tamiri Karasu Cep Telefonu Tamiri Teknik servisimizde her marka ve model&nbsp;telefon sat\u0131\u015f\u0131 \u2013 tamiri,&nbsp;Karasu&nbsp;notebook tamiri&nbsp;ve&nbsp;Karasu&nbsp;tablet tamiri&nbsp;i\u00e7in garantili; tamir, bak\u0131m, servis ve upgrade hizmeti \u2013 Karasu&nbsp;G\u00fcvenlik [&hellip;]<\/p>\n","protected":false},"author":1,"featured_media":0,"parent":0,"menu_order":0,"comment_status":"closed","ping_status":"closed","template":"","meta":[],"_links":{"self":[{"href":"http:\/\/www.karasubilgisayar.com.tr\/index.php\/wp-json\/wp\/v2\/pages\/139"}],"collection":[{"href":"http:\/\/www.karasubilgisayar.com.tr\/index.php\/wp-json\/wp\/v2\/pages"}],"about":[{"href":"http:\/\/www.karasubilgisayar.com.tr\/index.php\/wp-json\/wp\/v2\/types\/page"}],"author":[{"embeddable":true,"href":"http:\/\/www.karasubilgisayar.com.tr\/index.php\/wp-json\/wp\/v2\/users\/1"}],"replies":[{"embeddable":true,"href":"http:\/\/www.karasubilgisayar.com.tr\/index.php\/wp-json\/wp\/v2\/comments?post=139"}],"version-history":[{"count":2,"href":"http:\/\/www.karasubilgisayar.com.tr\/index.php\/wp-json\/wp\/v2\/pages\/139\/revisions"}],"predecessor-version":[{"id":221,"href":"http:\/\/www.karasubilgisayar.com.tr\/index.php\/wp-json\/wp\/v2\/pages\/139\/revisions\/221"}],"wp:attachment":[{"href":"http:\/\/www.karasubilgisayar.com.tr\/index.php\/wp-json\/wp\/v2\/media?parent=139"}],"curies":[{"name":"wp","href":"https:\/\/api.w.org\/{rel}","templated":true}]}}